{"id":5972,"date":"2025-10-29T11:25:05","date_gmt":"2025-10-29T15:25:05","guid":{"rendered":"https:\/\/valleeforestryequipment.ca\/?post_type=product&#038;p=5972"},"modified":"2026-03-04T12:42:29","modified_gmt":"2026-03-04T17:42:29","slug":"hookaroon-logrite-2","status":"publish","type":"product","link":"https:\/\/valleeforestryequipment.ca\/en\/product\/hookaroon-logrite-2\/","title":{"rendered":"Hookaroon Logrite"},"content":{"rendered":"","protected":false},"excerpt":{"rendered":"<h5 data-start=\"1390\" data-end=\"1420\">Caract\u00e9ristiques principales :<\/h5>\n<ul>\n<li data-start=\"1423\" data-end=\"1483\">Crochet en acier tremp\u00e9 pour une prise fiable et durable<\/li>\n<li data-start=\"1547\" data-end=\"1593\">Manche en aluminium l\u00e9ger et ultra r\u00e9sistant<\/li>\n<li data-start=\"1596\" data-end=\"1651\">Prise molet\u00e9e antid\u00e9rapante pour un meilleur contr\u00f4le<\/li>\n<\/ul>\n","protected":false},"featured_media":7795,"template":"","meta":{"_acf_changed":false},"product_brand":[311],"product_cat":[234],"product_tag":[],"class_list":{"0":"post-5972","1":"product","2":"type-product","3":"status-publish","4":"has-post-thumbnail","6":"product_brand-logrite-en","7":"product_cat-accessories-and-others","9":"first","10":"instock","11":"shipping-taxable","12":"purchasable","13":"product-type-variable"},"acf":[],"_links":{"self":[{"href":"https:\/\/valleeforestryequipment.ca\/en\/wp-json\/wp\/v2\/product\/5972","targetHints":{"allow":["GET"]}}],"collection":[{"href":"https:\/\/valleeforestryequipment.ca\/en\/wp-json\/wp\/v2\/product"}],"about":[{"href":"https:\/\/valleeforestryequipment.ca\/en\/wp-json\/wp\/v2\/types\/product"}],"wp:featuredmedia":[{"embeddable":true,"href":"https:\/\/valleeforestryequipment.ca\/en\/wp-json\/wp\/v2\/media\/7795"}],"wp:attachment":[{"href":"https:\/\/valleeforestryequipment.ca\/en\/wp-json\/wp\/v2\/media?parent=5972"}],"wp:term":[{"taxonomy":"product_brand","embeddable":true,"href":"https:\/\/valleeforestryequipment.ca\/en\/wp-json\/wp\/v2\/product_brand?post=5972"},{"taxonomy":"product_cat","embeddable":true,"href":"https:\/\/valleeforestryequipment.ca\/en\/wp-json\/wp\/v2\/product_cat?post=5972"},{"taxonomy":"product_tag","embeddable":true,"href":"https:\/\/valleeforestryequipment.ca\/en\/wp-json\/wp\/v2\/product_tag?post=5972"}],"curies":[{"name":"wp","href":"https:\/\/api.w.org\/{rel}","templated":true}]}}